{"id":724,"date":"2023-01-15T21:20:44","date_gmt":"2023-01-15T21:20:44","guid":{"rendered":"https:\/\/new.ecorail.es\/proyectos\/"},"modified":"2023-04-17T16:11:45","modified_gmt":"2023-04-17T16:11:45","slug":"proyectos","status":"publish","type":"page","link":"https:\/\/ecorail.es\/fr\/proyectos\/","title":{"rendered":"Projets"},"content":{"rendered":"\t\t<div data-elementor-type=\"wp-page\" data-elementor-id=\"724\" class=\"elementor elementor-724 elementor-399\" data-elementor-post-type=\"page\">\n\t\t\t\t\t\t<section class=\"elementor-section elementor-top-section elementor-element elementor-element-e7b53c7 elementor-section-height-min-height elementor-section-boxed elementor-section-height-default elementor-section-items-middle\" data-id=\"e7b53c7\" data-element_type=\"section\" data-settings=\"{&quot;background_background&quot;:&quot;classic&quot;,&quot;background_motion_fx_scale_effect&quot;:&quot;yes&quot;,&quot;background_motion_fx_scale_direction&quot;:&quot;out-in-out&quot;,&quot;background_motion_fx_motion_fx_scrolling&quot;:&quot;yes&quot;,&quot;background_motion_fx_scale_range&quot;:{&quot;unit&quot;:&quot;%&quot;,&quot;size&quot;:&quot;&quot;,&quot;sizes&quot;:{&quot;start&quot;:46,&quot;end&quot;:100}},&quot;background_motion_fx_scale_speed&quot;:{&quot;unit&quot;:&quot;px&quot;,&quot;size&quot;:4,&quot;sizes&quot;:[]},&quot;background_motion_fx_devices&quot;:[&quot;desktop&quot;,&quot;tablet&quot;,&quot;mobile&quot;]}\">\n\t\t\t\t\t\t\t<div class=\"elementor-background-overlay\"><\/div>\n\t\t\t\t\t\t\t<div class=\"elementor-container elementor-column-gap-default\">\n\t\t\t\t\t<div class=\"elementor-column elementor-col-50 elementor-top-column elementor-element elementor-element-5a0c269\" data-id=\"5a0c269\" data-element_type=\"column\">\n\t\t\t<div class=\"elementor-widget-wrap elementor-element-populated\">\n\t\t\t\t\t\t<div class=\"elementor-element elementor-element-84a65e7 elementor-widget elementor-widget-heading\" data-id=\"84a65e7\" data-element_type=\"widget\" data-widget_type=\"heading.default\">\n\t\t\t\t<div class=\"elementor-widget-container\">\n\t\t\t\t\t<h2 class=\"elementor-heading-title elementor-size-default\">ECORAIL <\/h2>\t\t\t\t<\/div>\n\t\t\t\t<\/div>\n\t\t\t\t<div class=\"elementor-element elementor-element-180d138 elementor-widget elementor-widget-heading\" data-id=\"180d138\" data-element_type=\"widget\" data-widget_type=\"heading.default\">\n\t\t\t\t<div class=\"elementor-widget-container\">\n\t\t\t\t\t<h2 class=\"elementor-heading-title elementor-size-default\">PROJETS<\/h2>\t\t\t\t<\/div>\n\t\t\t\t<\/div>\n\t\t\t\t<div class=\"elementor-element elementor-element-cbead4a elementor-widget__width-auto elementor-absolute elementor-widget elementor-widget-image\" data-id=\"cbead4a\" data-element_type=\"widget\" data-settings=\"{&quot;_position&quot;:&quot;absolute&quot;}\" data-widget_type=\"image.default\">\n\t\t\t\t<div class=\"elementor-widget-container\">\n\t\t\t\t\t\t\t\t\t\t\t\t\t\t\t<img fetchpriority=\"high\" decoding=\"async\" width=\"244\" height=\"271\" src=\"https:\/\/ecorail.es\/wp-content\/uploads\/2023\/01\/letra-proyectos.svg\" class=\"attachment-large size-large wp-image-601\" alt=\"\" \/>\t\t\t\t\t\t\t\t\t\t\t\t\t\t\t<\/div>\n\t\t\t\t<\/div>\n\t\t\t\t<div class=\"elementor-element elementor-element-39471fd elementor-widget__width-initial elementor-widget elementor-widget-heading\" data-id=\"39471fd\" data-element_type=\"widget\" data-widget_type=\"heading.default\">\n\t\t\t\t<div class=\"elementor-widget-container\">\n\t\t\t\t\t<h2 class=\"elementor-heading-title elementor-size-default\">Nous d\u00e9veloppons et g\u00e9rons des projets donnant la priorit\u00e9 \u00e0 l\u2019intermodalit\u00e9 en tant qu\u2019axe de transport efficace et durable.<\/h2>\t\t\t\t<\/div>\n\t\t\t\t<\/div>\n\t\t\t\t\t<\/div>\n\t\t<\/div>\n\t\t\t\t<div class=\"elementor-column elementor-col-50 elementor-top-column elementor-element elementor-element-6df7ff3 elementor-hidden-tablet elementor-hidden-mobile\" data-id=\"6df7ff3\" data-element_type=\"column\">\n\t\t\t<div class=\"elementor-widget-wrap\">\n\t\t\t\t\t\t\t<\/div>\n\t\t<\/div>\n\t\t\t\t\t<\/div>\n\t\t<\/section>\n\t\t\t\t<section class=\"elementor-section elementor-top-section elementor-element elementor-element-2a45476 elementor-section-boxed elementor-section-height-default elementor-section-height-default\" data-id=\"2a45476\" data-element_type=\"section\">\n\t\t\t\t\t\t<div class=\"elementor-container elementor-column-gap-default\">\n\t\t\t\t\t<div class=\"elementor-column elementor-col-50 elementor-top-column elementor-element elementor-element-60ccf8d\" data-id=\"60ccf8d\" data-element_type=\"column\">\n\t\t\t<div class=\"elementor-widget-wrap elementor-element-populated\">\n\t\t\t\t\t\t<div class=\"elementor-element elementor-element-54a4f7f elementor-widget-divider--view-line elementor-widget elementor-widget-divider\" data-id=\"54a4f7f\" data-element_type=\"widget\" data-widget_type=\"divider.default\">\n\t\t\t\t<div class=\"elementor-widget-container\">\n\t\t\t\t\t\t\t<div class=\"elementor-divider\">\n\t\t\t<span class=\"elementor-divider-separator\">\n\t\t\t\t\t\t<\/span>\n\t\t<\/div>\n\t\t\t\t\t\t<\/div>\n\t\t\t\t<\/div>\n\t\t\t\t<div class=\"elementor-element elementor-element-2ff93c8 elementor-widget elementor-widget-heading\" data-id=\"2ff93c8\" data-element_type=\"widget\" data-widget_type=\"heading.default\">\n\t\t\t\t<div class=\"elementor-widget-container\">\n\t\t\t\t\t<h2 class=\"elementor-heading-title elementor-size-default\">Une alliance pour relier le port d\u2019Alg\u00e9siras et la plateforme logistique Zaragoza Plaza de Saragosse, via l\u2019autoroute ferroviaire\n<\/h2>\t\t\t\t<\/div>\n\t\t\t\t<\/div>\n\t\t\t\t<div class=\"elementor-element elementor-element-cf28940 elementor-widget-divider--view-line elementor-widget elementor-widget-divider\" data-id=\"cf28940\" data-element_type=\"widget\" data-widget_type=\"divider.default\">\n\t\t\t\t<div class=\"elementor-widget-container\">\n\t\t\t\t\t\t\t<div class=\"elementor-divider\">\n\t\t\t<span class=\"elementor-divider-separator\">\n\t\t\t\t\t\t<\/span>\n\t\t<\/div>\n\t\t\t\t\t\t<\/div>\n\t\t\t\t<\/div>\n\t\t\t\t<div class=\"elementor-element elementor-element-ab1ec86 elementor-widget elementor-widget-text-editor\" data-id=\"ab1ec86\" data-element_type=\"widget\" data-widget_type=\"text-editor.default\">\n\t\t\t\t<div class=\"elementor-widget-container\">\n\t\t\t\t\t\t\t\t\t<p>Ecorail, Marcotran et CMA CGM ont constitu\u00e9 Rail &amp; Truck Strait Union pour proposer une alternative au transport routier de fret, en associant le bateau, le camion et le train. Un projet pionnier permettant de relier le port d\u2019Alg\u00e9siras au terminal Zaragoza Plaza par le biais de l\u2019autoroute ferroviaire.<\/p><p>Le corridor constitue un axe strat\u00e9gique de liaison entre le Maghreb, l\u2019Espagne et l\u2019Europe du Nord. La nouvelle formule de transport de fret charg\u00e9 sur des semi-remorques, des camions vers le rail, favorisera le trafic et la croissance de nouveaux secteurs d\u2019activit\u00e9.<\/p><p>Un engagement en faveur de l\u2019intermodalit\u00e9 au service de la durabilit\u00e9 qui r\u00e9duira le nombre de camions sur les routes et diminuera consid\u00e9rablement les \u00e9missions de CO2.<\/p>\t\t\t\t\t\t\t\t<\/div>\n\t\t\t\t<\/div>\n\t\t\t\t\t<\/div>\n\t\t<\/div>\n\t\t\t\t<div class=\"elementor-column elementor-col-50 elementor-top-column elementor-element elementor-element-97846b6\" data-id=\"97846b6\" data-element_type=\"column\">\n\t\t\t<div class=\"elementor-widget-wrap elementor-element-populated\">\n\t\t\t\t\t\t<div class=\"elementor-element elementor-element-3b602d2 elementor-widget elementor-widget-image\" data-id=\"3b602d2\" data-element_type=\"widget\" data-widget_type=\"image.default\">\n\t\t\t\t<div class=\"elementor-widget-container\">\n\t\t\t\t\t\t\t\t\t\t\t\t\t\t\t<img decoding=\"async\" width=\"800\" height=\"505\" src=\"https:\/\/ecorail.es\/wp-content\/uploads\/2023\/01\/proyecto-Puerto-de-Algeciras-y-Zaragoza.jpg\" class=\"attachment-large size-large wp-image-605\" alt=\"\" srcset=\"https:\/\/ecorail.es\/wp-content\/uploads\/2023\/01\/proyecto-Puerto-de-Algeciras-y-Zaragoza.jpg 800w, https:\/\/ecorail.es\/wp-content\/uploads\/2023\/01\/proyecto-Puerto-de-Algeciras-y-Zaragoza-300x189.jpg 300w, https:\/\/ecorail.es\/wp-content\/uploads\/2023\/01\/proyecto-Puerto-de-Algeciras-y-Zaragoza-768x485.jpg 768w\" sizes=\"(max-width: 800px) 100vw, 800px\" \/>\t\t\t\t\t\t\t\t\t\t\t\t\t\t\t<\/div>\n\t\t\t\t<\/div>\n\t\t\t\t<div class=\"elementor-element elementor-element-d7232c4 elementor-widget elementor-widget-image\" data-id=\"d7232c4\" data-element_type=\"widget\" data-widget_type=\"image.default\">\n\t\t\t\t<div class=\"elementor-widget-container\">\n\t\t\t\t\t\t\t\t\t\t\t\t\t\t\t<img decoding=\"async\" width=\"800\" height=\"800\" src=\"https:\/\/ecorail.es\/wp-content\/uploads\/2023\/04\/mapa-ecorrail.png\" class=\"attachment-large size-large wp-image-847\" alt=\"\" srcset=\"https:\/\/ecorail.es\/wp-content\/uploads\/2023\/04\/mapa-ecorrail.png 900w, https:\/\/ecorail.es\/wp-content\/uploads\/2023\/04\/mapa-ecorrail-300x300.png 300w, https:\/\/ecorail.es\/wp-content\/uploads\/2023\/04\/mapa-ecorrail-150x150.png 150w, https:\/\/ecorail.es\/wp-content\/uploads\/2023\/04\/mapa-ecorrail-768x768.png 768w\" sizes=\"(max-width: 800px) 100vw, 800px\" \/>\t\t\t\t\t\t\t\t\t\t\t\t\t\t\t<\/div>\n\t\t\t\t<\/div>\n\t\t\t\t\t<\/div>\n\t\t<\/div>\n\t\t\t\t\t<\/div>\n\t\t<\/section>\n\t\t\t\t<\/div>\n\t\t","protected":false},"excerpt":{"rendered":"<p>ECORAIL PROJETS Nous d\u00e9veloppons et g\u00e9rons des projets donnant la priorit\u00e9 \u00e0 l\u2019intermodalit\u00e9 en tant qu\u2019axe de transport efficace et durable. Une alliance pour relier le port d\u2019Alg\u00e9siras et la plateforme logistique Zaragoza Plaza de Saragosse, via l\u2019autoroute ferroviaire Ecorail, Marcotran et CMA CGM ont constitu\u00e9 Rail &amp; Truck Strait Union pour proposer une alternative [&hellip;]<\/p>\n","protected":false},"author":1,"featured_media":0,"parent":0,"menu_order":0,"comment_status":"closed","ping_status":"closed","template":"","meta":{"footnotes":""},"class_list":["post-724","page","type-page","status-publish","hentry"],"_links":{"self":[{"href":"https:\/\/ecorail.es\/fr\/wp-json\/wp\/v2\/pages\/724","targetHints":{"allow":["GET"]}}],"collection":[{"href":"https:\/\/ecorail.es\/fr\/wp-json\/wp\/v2\/pages"}],"about":[{"href":"https:\/\/ecorail.es\/fr\/wp-json\/wp\/v2\/types\/page"}],"author":[{"embeddable":true,"href":"https:\/\/ecorail.es\/fr\/wp-json\/wp\/v2\/users\/1"}],"replies":[{"embeddable":true,"href":"https:\/\/ecorail.es\/fr\/wp-json\/wp\/v2\/comments?post=724"}],"version-history":[{"count":13,"href":"https:\/\/ecorail.es\/fr\/wp-json\/wp\/v2\/pages\/724\/revisions"}],"predecessor-version":[{"id":854,"href":"https:\/\/ecorail.es\/fr\/wp-json\/wp\/v2\/pages\/724\/revisions\/854"}],"wp:attachment":[{"href":"https:\/\/ecorail.es\/fr\/wp-json\/wp\/v2\/media?parent=724"}],"curies":[{"name":"wp","href":"https:\/\/api.w.org\/{rel}","templated":true}]}}